{"id":51,"date":"2025-10-06T08:54:19","date_gmt":"2025-10-06T08:54:19","guid":{"rendered":"https:\/\/nvooro.com\/?page_id=51"},"modified":"2025-10-06T08:55:45","modified_gmt":"2025-10-06T08:55:45","slug":"statut","status":"publish","type":"page","link":"https:\/\/nvooro.com\/?page_id=51","title":{"rendered":"Statut"},"content":{"rendered":"<p>[et_pb_section fb_built=&#8221;1&#8243; admin_label=&#8221;Header&#8221; _builder_version=&#8221;4.27.4&#8243; _module_preset=&#8221;default&#8221; background_position=&#8221;center_right&#8221; overflow-x=&#8221;hidden&#8221; overflow-y=&#8221;hidden&#8221; custom_padding=&#8221;9px||57px||false|false&#8221; hover_enabled=&#8221;0&#8243; locked=&#8221;off&#8221; global_colors_info=&#8221;{}&#8221; theme_builder_area=&#8221;post_content&#8221; background_enable_color=&#8221;off&#8221; title_text=&#8221;traka&#8221; background_image=&#8221;https:\/\/nvooro.com\/wp-content\/uploads\/2025\/10\/traka.jpg&#8221; sticky_enabled=&#8221;0&#8243;][et_pb_row _builder_version=&#8221;4.27.4&#8243; _module_preset=&#8221;default&#8221; custom_padding=&#8221;14px||0px||false|false&#8221; hover_enabled=&#8221;0&#8243; global_colors_info=&#8221;{}&#8221; theme_builder_area=&#8221;post_content&#8221; sticky_enabled=&#8221;0&#8243;][et_pb_column type=&#8221;4_4&#8243; _builder_version=&#8221;4.16&#8243; _module_preset=&#8221;default&#8221; custom_padding=&#8221;||40px||false|false&#8221; global_colors_info=&#8221;{}&#8221; theme_builder_area=&#8221;post_content&#8221;][et_pb_text _builder_version=&#8221;4.27.4&#8243; _module_preset=&#8221;default&#8221; header_font=&#8221;EB Garamond|600|||||||&#8221; header_font_size=&#8221;64px&#8221; header_line_height=&#8221;1.3em&#8221; hover_enabled=&#8221;0&#8243; header_font_size_tablet=&#8221;40px&#8221; header_font_size_phone=&#8221;24px&#8221; header_font_size_last_edited=&#8221;on|phone&#8221; global_colors_info=&#8221;{}&#8221; theme_builder_area=&#8221;post_content&#8221; sticky_enabled=&#8221;0&#8243; custom_margin=&#8221;22px|||||&#8221; header_text_color=&#8221;#FFFFFF&#8221;]<\/p>\n<h1 style=\"text-align: center;\">Statut<\/h1>\n<p>[\/et_pb_text][\/et_pb_column][\/et_pb_row][\/et_pb_section][et_pb_section fb_built=&#8221;1&#8243; admin_label=&#8221;Features&#8221; _builder_version=&#8221;4.16&#8243; _module_preset=&#8221;default&#8221; custom_margin=&#8221;-19px|||||&#8221; custom_padding=&#8221;5vw||5vw||true|false&#8221; locked=&#8221;off&#8221; global_colors_info=&#8221;{}&#8221; theme_builder_area=&#8221;post_content&#8221;][et_pb_row _builder_version=&#8221;4.27.4&#8243; _module_preset=&#8221;default&#8221; global_colors_info=&#8221;{}&#8221; theme_builder_area=&#8221;post_content&#8221;][et_pb_column type=&#8221;4_4&#8243; _builder_version=&#8221;4.27.4&#8243; _module_preset=&#8221;default&#8221; global_colors_info=&#8221;{}&#8221; theme_builder_area=&#8221;post_content&#8221;][et_pb_text _builder_version=&#8221;4.27.4&#8243; _module_preset=&#8221;default&#8221; header_2_font=&#8221;EB Garamond||||||||&#8221; header_2_font_size=&#8221;48px&#8221; header_2_line_height=&#8221;1.3em&#8221; header_2_font_size_tablet=&#8221;34px&#8221; header_2_font_size_phone=&#8221;22px&#8221; header_2_font_size_last_edited=&#8221;on|phone&#8221; global_colors_info=&#8221;{}&#8221; theme_builder_area=&#8221;post_content&#8221;]<\/p>\n<h2 style=\"text-align: center;\">Statut NVO &#8220;ORO&#8221;\u00a0<\/h2>\n<p>[\/et_pb_text][\/et_pb_column][\/et_pb_row][et_pb_row column_structure=&#8221;1_3,1_3,1_3&#8243; _builder_version=&#8221;4.16&#8243; _module_preset=&#8221;default&#8221; custom_margin=&#8221;-12px|auto||auto||&#8221; global_colors_info=&#8221;{}&#8221; theme_builder_area=&#8221;post_content&#8221;][et_pb_column type=&#8221;1_3&#8243; _builder_version=&#8221;4.16&#8243; _module_preset=&#8221;default&#8221; global_colors_info=&#8221;{}&#8221; theme_builder_area=&#8221;post_content&#8221;][et_pb_text _builder_version=&#8221;4.27.4&#8243; _module_preset=&#8221;default&#8221; header_2_font=&#8221;EB Garamond||||||||&#8221; header_2_font_size=&#8221;48px&#8221; header_2_line_height=&#8221;1.3em&#8221; header_2_font_size_tablet=&#8221;34px&#8221; header_2_font_size_phone=&#8221;22px&#8221; header_2_font_size_last_edited=&#8221;on|phone&#8221; global_colors_info=&#8221;{}&#8221; theme_builder_area=&#8221;post_content&#8221;]<\/p>\n<h2><\/h2>\n<p>Na\u0161a pjesma &#8221; \u017dENA &#8221; je glas hrabrosti, solidarnosti i ljubavi.<br \/>Zahvalni svima za podr\u0161ku u kampanji i u realizaciji pjesme<br \/>&#8221; \u017dENA&#8221; \ud83d\udc9f<br \/>Prijatelj &#8211; sponzor izrade pjesme &#8211; kompanija MTEL Crna Gora<\/p>\n<p>[\/et_pb_text][\/et_pb_column][et_pb_column type=&#8221;1_3&#8243; _builder_version=&#8221;4.16&#8243; _module_preset=&#8221;default&#8221; global_colors_info=&#8221;{}&#8221; theme_builder_area=&#8221;post_content&#8221;][et_pb_text _builder_version=&#8221;4.27.4&#8243; _module_preset=&#8221;default&#8221; global_colors_info=&#8221;{}&#8221; theme_builder_area=&#8221;post_content&#8221;]U\u010desnici:<br \/>\nKIC POP HOR<br \/>\nSnezana Burzan<br \/>\nIvana Johana<br \/>\nHor Zvjezdice PG<br \/>\nMomcilo Zekovic<br \/>\nAna Klepic<br \/>\nDejan Bozovic<br \/>\nLorena Jankovic<br \/>\nJelena Nenezi\u0107<br \/>\nIvana Popovi\u0107 Martinovi\u0107[\/et_pb_text][\/et_pb_column][et_pb_column type=&#8221;1_3&#8243; _builder_version=&#8221;4.16&#8243; _module_preset=&#8221;default&#8221; global_colors_info=&#8221;{}&#8221; theme_builder_area=&#8221;post_content&#8221;][et_pb_text _builder_version=&#8221;4.27.4&#8243; _module_preset=&#8221;default&#8221; global_colors_info=&#8221;{}&#8221; theme_builder_area=&#8221;post_content&#8221;]<\/p>\n<p>Julija Milacic Petrovic Njegos<br \/>Danilo Marunovic<br \/>Vuk Markovi\u0107 Bohach<br \/>Davor Novak<br \/>Nik\u0161a Miljani\u0107<br \/>Milena Jelic-Suntic<br \/>Sanja Leki\u0107<br \/>Ana Vukotic<br \/>Vilnerina Ramcilovic<br \/>Nata\u0161a Mili\u0107evi\u0107<br \/>Mima Jankovic-Pejovic<\/p>\n<p>[\/et_pb_text][\/et_pb_column][\/et_pb_row][\/et_pb_section][et_pb_section fb_built=&#8221;1&#8243; admin_label=&#8221;About&#8221; _builder_version=&#8221;4.16&#8243; _module_preset=&#8221;default&#8221; overflow-x=&#8221;hidden&#8221; overflow-y=&#8221;hidden&#8221; locked=&#8221;off&#8221; global_colors_info=&#8221;{}&#8221; theme_builder_area=&#8221;post_content&#8221;][et_pb_row column_structure=&#8221;1_2,1_2&#8243; _builder_version=&#8221;4.16&#8243; _module_preset=&#8221;default&#8221; global_colors_info=&#8221;{}&#8221; theme_builder_area=&#8221;post_content&#8221;][et_pb_column type=&#8221;1_2&#8243; _builder_version=&#8221;4.16&#8243; _module_preset=&#8221;default&#8221; global_colors_info=&#8221;{}&#8221; theme_builder_area=&#8221;post_content&#8221;][et_pb_text _builder_version=&#8221;4.16&#8243; _module_preset=&#8221;default&#8221; header_3_font=&#8221;EB Garamond|600|||||||&#8221; header_3_font_size=&#8221;20px&#8221; custom_margin=&#8221;||10px||false|false&#8221; locked=&#8221;off&#8221; global_colors_info=&#8221;{}&#8221; theme_builder_area=&#8221;post_content&#8221;]<\/p>\n<h3>About Us<\/h3>\n<p>[\/et_pb_text][et_pb_divider color=&#8221;#F1BABF&#8221; _builder_version=&#8221;4.16&#8243; _module_preset=&#8221;default&#8221; width=&#8221;70%&#8221; locked=&#8221;off&#8221; global_colors_info=&#8221;{}&#8221; theme_builder_area=&#8221;post_content&#8221;][\/et_pb_divider][et_pb_text _builder_version=&#8221;4.16&#8243; _module_preset=&#8221;default&#8221; header_2_font=&#8221;EB Garamond||||||||&#8221; header_2_font_size=&#8221;48px&#8221; header_2_line_height=&#8221;1.3em&#8221; header_2_font_size_tablet=&#8221;34px&#8221; header_2_font_size_phone=&#8221;22px&#8221; header_2_font_size_last_edited=&#8221;on|phone&#8221; locked=&#8221;off&#8221; global_colors_info=&#8221;{}&#8221; header_2_2_font_size_tablet=&#8221;34px&#8221; header_3_2_font_size_tablet=&#8221;34px&#8221; header_4_2_font_size_tablet=&#8221;34px&#8221; header_5_2_font_size_tablet=&#8221;34px&#8221; header_6_2_font_size_tablet=&#8221;34px&#8221; header_2_2_font_size_phone=&#8221;22px&#8221; header_3_2_font_size_phone=&#8221;22px&#8221; header_4_2_font_size_phone=&#8221;22px&#8221; header_5_2_font_size_phone=&#8221;22px&#8221; header_6_2_font_size_phone=&#8221;22px&#8221; header_2_2_font_size_last_edited=&#8221;on|phone&#8221; header_3_2_font_size_last_edited=&#8221;on|phone&#8221; header_4_2_font_size_last_edited=&#8221;on|phone&#8221; header_5_2_font_size_last_edited=&#8221;on|phone&#8221; header_6_2_font_size_last_edited=&#8221;on|phone&#8221; theme_builder_area=&#8221;post_content&#8221;]<\/p>\n<h2>Serving San Francisco Since 1985<\/h2>\n<p>[\/et_pb_text][et_pb_text _builder_version=&#8221;4.16&#8243; _module_preset=&#8221;default&#8221; text_font=&#8221;ABeeZee||||||||&#8221; text_line_height=&#8221;2em&#8221; locked=&#8221;off&#8221; global_colors_info=&#8221;{}&#8221; theme_builder_area=&#8221;post_content&#8221;]<\/p>\n<p>Vivamus magna justo, lacinia eget consectetur sed, convallis at tellus. Pellentesque in ipsum id orci porta dapibus. Quisque velit nisi, pretium ut lacinia in, elementum id enim. Praesent sapien massa, convallis a pellentesque nec, egestas non nisi. Vestibulum ante ipsum primis in faucibus orci luctus et ultrices posuere cubilia Curae;<\/p>\n<p>Donec velit neque, auctor sit amet aliquam vel, ullamcorper sit amet ligula. Vivamus magna justo, lacinia eget consectetur sed, convallis at tellus. Nulla quis lorem ut libero malesuada feugiat. Nulla quis lorem ut libero malesuada feugiat. Pellentesque in ipsum id orci porta dapibus.<\/p>\n<p>[\/et_pb_text][et_pb_button button_text=&#8221;Learn more&#8221; _builder_version=&#8221;4.16&#8243; _module_preset=&#8221;default&#8221; custom_button=&#8221;on&#8221; button_text_size=&#8221;12px&#8221; button_text_color=&#8221;#ffffff&#8221; button_bg_color=&#8221;#001e42&#8243; button_border_width=&#8221;0px&#8221; button_border_radius=&#8221;0px&#8221; button_letter_spacing=&#8221;2px&#8221; button_font=&#8221;ABeeZee|700||on|||||&#8221; button_use_icon=&#8221;off&#8221; custom_padding=&#8221;20px|30px|20px|30px|true|true&#8221; locked=&#8221;off&#8221; global_colors_info=&#8221;{}&#8221; theme_builder_area=&#8221;post_content&#8221;][\/et_pb_button][\/et_pb_column][et_pb_column type=&#8221;1_2&#8243; _builder_version=&#8221;4.16&#8243; _module_preset=&#8221;default&#8221; global_colors_info=&#8221;{}&#8221; theme_builder_area=&#8221;post_content&#8221;][et_pb_image src=&#8221;https:\/\/nvooro.com\/wp-content\/uploads\/2025\/10\/womenshealthcenter-17-1.png&#8221; title_text=&#8221;womenshealthcenter-17&#8243; _builder_version=&#8221;4.16&#8243; _module_preset=&#8221;default&#8221; custom_margin=&#8221;|-30vw|||false|false&#8221; custom_margin_tablet=&#8221;|0vw|||false|false&#8221; custom_margin_phone=&#8221;&#8221; custom_margin_last_edited=&#8221;on|tablet&#8221; global_colors_info=&#8221;{}&#8221; theme_builder_area=&#8221;post_content&#8221;][\/et_pb_image][\/et_pb_column][\/et_pb_row][\/et_pb_section]<\/p>\n","protected":false},"excerpt":{"rendered":"<p>StatutStatut NVO &#8220;ORO&#8221;\u00a0 Na\u0161a pjesma &#8221; \u017dENA &#8221; je glas hrabrosti, solidarnosti i ljubavi.Zahvalni svima za podr\u0161ku u kampanji i u realizaciji pjesme&#8221; \u017dENA&#8221; \ud83d\udc9fPrijatelj &#8211; sponzor izrade pjesme &#8211; kompanija MTEL Crna GoraU\u010desnici: KIC POP HOR Snezana Burzan Ivana Johana Hor Zvjezdice PG Momcilo Zekovic Ana Klepic Dejan Bozovic Lorena Jankovic Jelena Nenezi\u0107 Ivana [&hellip;]<\/p>\n","protected":false},"author":1,"featured_media":0,"parent":0,"menu_order":0,"comment_status":"closed","ping_status":"closed","template":"","meta":{"_et_pb_use_builder":"on","_et_pb_old_content":"","_et_gb_content_width":"","footnotes":""},"class_list":["post-51","page","type-page","status-publish","hentry"],"_links":{"self":[{"href":"https:\/\/nvooro.com\/index.php?rest_route=\/wp\/v2\/pages\/51","targetHints":{"allow":["GET"]}}],"collection":[{"href":"https:\/\/nvooro.com\/index.php?rest_route=\/wp\/v2\/pages"}],"about":[{"href":"https:\/\/nvooro.com\/index.php?rest_route=\/wp\/v2\/types\/page"}],"author":[{"embeddable":true,"href":"https:\/\/nvooro.com\/index.php?rest_route=\/wp\/v2\/users\/1"}],"replies":[{"embeddable":true,"href":"https:\/\/nvooro.com\/index.php?rest_route=%2Fwp%2Fv2%2Fcomments&post=51"}],"version-history":[{"count":2,"href":"https:\/\/nvooro.com\/index.php?rest_route=\/wp\/v2\/pages\/51\/revisions"}],"predecessor-version":[{"id":55,"href":"https:\/\/nvooro.com\/index.php?rest_route=\/wp\/v2\/pages\/51\/revisions\/55"}],"wp:attachment":[{"href":"https:\/\/nvooro.com\/index.php?rest_route=%2Fwp%2Fv2%2Fmedia&parent=51"}],"curies":[{"name":"wp","href":"https:\/\/api.w.org\/{rel}","templated":true}]}}